{"id":1525,"date":"2021-02-07T09:45:15","date_gmt":"2021-02-07T09:45:15","guid":{"rendered":"https:\/\/modellflygklubbar.se\/ianestesi\/?page_id=1525"},"modified":"2024-11-20T17:14:22","modified_gmt":"2024-11-20T16:14:22","slug":"signup","status":"publish","type":"page","link":"https:\/\/ianestesi.se\/?page_id=1525","title":{"rendered":"Best\u00e4ll appen"},"content":{"rendered":"\n<p>Registrera dina uppgifter s\u00e5 f\u00e5r du ett mail med instruktioner om hur du installerar appen p\u00e5 din iPhone.<\/p>\n\n\n\n<div class=\"wrap pdb-signup pdb-instance-2\" >\n\n    <form method=\"post\" enctype=\"multipart\/form-data\"  autocomplete=\"off\" action=\"\/index.php?rest_route=%2Fwp%2Fv2%2Fpages%2F1525\" ><input name=\"action\" type=\"hidden\" value=\"signup\" \/>\n\n<input name=\"subsource\" type=\"hidden\" value=\"participants-database\" \/>\n\n<input name=\"shortcode_page\" type=\"hidden\" value=\"\/index.php?rest_route=%2Fwp%2Fv2%2Fpages%2F1525\" \/>\n\n<input name=\"thanks_page\" type=\"hidden\" value=\"\/index.php?rest_route=%2Fwp%2Fv2%2Fpages%2F1525\" \/>\n\n<input name=\"instance_index\" type=\"hidden\" value=\"2\" \/>\n\n<input name=\"pdb_data_keys\" type=\"hidden\" value=\"1.2.4.9.10.13.23\" \/>\n\n<input name=\"session_hash\" type=\"hidden\" value=\"6d2e3d4886\" \/>\n\n    <table class=\"form-table pdb-signup\">\n\n      \n      <tbody class=\"field-group field-group-main\">\n        \n                \n        \n        <tr class=\"text-line first_name-input-group\">\n\n          <th for=\"pdb-first_name-2\">F\u00f6rnamn<\/th>\n\n          <td>\n\n            <input name=\"first_name\" id=\"pdb-first_name-2\" class=\"required-field regular-text\" type=\"text\" value=\"\" \/>\n\n                        \n          <\/td>\n\n        <\/tr>\n  \n        \n        <tr class=\"text-line last_name-input-group\">\n\n          <th for=\"pdb-last_name-2\">Efternamn<\/th>\n\n          <td>\n\n            <input name=\"last_name\" id=\"pdb-last_name-2\" class=\"required-field regular-text\" type=\"text\" value=\"\" \/>\n\n                        \n          <\/td>\n\n        <\/tr>\n  \n        \n        <tr class=\"text-line city-input-group\">\n\n          <th for=\"pdb-city-2\">Ort<\/th>\n\n          <td>\n\n            <input name=\"city\" id=\"pdb-city-2\" class=\" regular-text\" type=\"text\" value=\"\" \/>\n\n                        \n          <\/td>\n\n        <\/tr>\n  \n        \n        <tr class=\"text-line email-input-group\">\n\n          <th for=\"pdb-email-2\">E-post<\/th>\n\n          <td>\n\n            <input name=\"email\" id=\"pdb-email-2\" class=\"required-field regular-text\" type=\"text\" value=\"\" \/>\n\n                        \n          <\/td>\n\n        <\/tr>\n  \n        \n        <tr class=\"checkbox mailing_list-input-group\">\n\n          <th for=\"pdb-mailing_list-2\">E-postlista<\/th>\n\n          <td>\n\n            <input name=\"mailing_list\" id=\"pdb-mailing_list-2-default\" type=\"hidden\" value=\"No\" \/>\n<input name=\"mailing_list\" checked=\"checked\" id=\"pdb-mailing_list-2\" type=\"checkbox\" value=\"Yes\" \/>\n\n                        <span class=\"helptext\">Jag vill ha info om uppdateringar till min e-post och godk\u00e4nner att iAnestesi lagrar mina uppgifter.<\/span>\n                        \n          <\/td>\n\n        <\/tr>\n  \n                \n        <\/tbody>\n\n      \n      <tbody class=\"field-group field-group-personal\">\n        \n                \n        \n        <tr class=\"multi-checkbox interests-input-group\">\n\n          <th for=\"pdb-interests-2\">Yrke<\/th>\n\n          <td>\n\n            <div class=\"multicheckbox\">\n<input name=\"interests[]\" id=\"pdb-interests-2-default\" type=\"hidden\" value=\"\" \/>\n<div class=\"checkbox-group\">\n<fieldset class=\"no-border\">\n<legend class=\"screen-reader-text\">Yrke<\/legend>\n<label for=\"pdb-interests-ssk-2\">\n<input name=\"interests[]\" id=\"pdb-interests-ssk-2\" type=\"checkbox\" value=\"SSK\" \/>\nSSK<\/label>\n<label for=\"pdb-interests-lkare-2\">\n<input name=\"interests[]\" id=\"pdb-interests-lkare-2\" type=\"checkbox\" value=\"L\u00e4kare\" \/>\nL\u00e4kare<\/label>\n<label for=\"pdb-interests-student-ssk-2\">\n<input name=\"interests[]\" id=\"pdb-interests-student-ssk-2\" type=\"checkbox\" value=\"Student (SSK)\" \/>\nStudent (SSK)<\/label>\n<label for=\"pdb-interests-student-lkare-2\">\n<input name=\"interests[]\" id=\"pdb-interests-student-lkare-2\" type=\"checkbox\" value=\"Student (L\u00e4kare)\" \/>\nStudent (L\u00e4kare)<\/label>\n<label for=\"pdb-interests-annat-2\">\n<input name=\"interests[]\" id=\"pdb-interests-annat-2\" type=\"checkbox\" value=\"Annat\" \/>\nAnnat<\/label>\n<\/fieldset><!-- .no-border --><\/div><!-- .checkbox-group -->\n<\/div>\n\n                        \n          <\/td>\n\n        <\/tr>\n  \n        \n        <tr class=\"captcha captcha-input-group\">\n\n          <th for=\"pdb-captcha-2\">captcha<\/th>\n\n          <td>\n\n            <input name=\"captcha[]\" type=\"hidden\" value=\"%7B%22type%22%3A%22recaptcha%22%2C%22nonce%22%3A%22%22%2C%22info%22%3A%5B%5D%7D\" \/>\n\n\n        <input type=\"hidden\" name=\"captcha[]\" value=\"recaptcha-widget\" \/>\n\n      \n      <div id=\"recaptcha-widget\"><\/div>\n\n      \n\n                        \n          <\/td>\n\n        <\/tr>\n  \n                \n        <\/tbody>\n\n            \n        <tbody class=\"field-group field-group-submit\">\n      \n        <tr>\n          <td class=\"submit-buttons\">\n            \n           <input name=\"submit_button\" class=\"button-primary pdb-submit\" type=\"submit\" value=\"Skicka\" \/>\n            \n          <\/td>\n          <td class=\"submit-buttons\">\n            \n                      \n          <\/td>\n        <\/tr>\n        \n      <\/tbody>\n      \n    <\/table>\n    \n  <\/form>  \n<\/div>\n\n\n\n<p><br><\/p>\n\n\n\n<p>Sk\u00e4rmbilder fr\u00e5n iPhone<\/p>\n\n\n\n<figure class=\"wp-block-gallery has-nested-images columns-2 wp-block-gallery-1 is-layout-flex wp-block-gallery-is-layout-flex\">\n<figure class=\"wp-block-image size-large\"><img loading=\"lazy\" decoding=\"async\" width=\"473\" height=\"1024\" data-id=\"1836\" src=\"https:\/\/ianestesi.se\/wp-content\/uploads\/2021\/03\/IMG_1777-473x1024.png\" alt=\"\" class=\"wp-image-1836\"\/><\/figure>\n\n\n\n<figure class=\"wp-block-image size-large\"><img loading=\"lazy\" decoding=\"async\" width=\"473\" height=\"1024\" data-id=\"1835\" src=\"https:\/\/ianestesi.se\/wp-content\/uploads\/2021\/03\/IMG_1778-473x1024.png\" alt=\"\" class=\"wp-image-1835\"\/><\/figure>\n<\/figure>\n","protected":false},"excerpt":{"rendered":"<p>Registrera dina uppgifter s\u00e5 f\u00e5r du ett mail med instruktioner om hur du installerar appen p\u00e5 din iPhone. Sk\u00e4rmbilder fr\u00e5n iPhone<\/p>\n","protected":false},"author":1,"featured_media":0,"parent":0,"menu_order":0,"comment_status":"closed","ping_status":"closed","template":"template-fullwidth.php","meta":{"footnotes":""},"class_list":["post-1525","page","type-page","status-publish","hentry"],"acf":[],"_links":{"self":[{"href":"https:\/\/ianestesi.se\/index.php?rest_route=\/wp\/v2\/pages\/1525","targetHints":{"allow":["GET"]}}],"collection":[{"href":"https:\/\/ianestesi.se\/index.php?rest_route=\/wp\/v2\/pages"}],"about":[{"href":"https:\/\/ianestesi.se\/index.php?rest_route=\/wp\/v2\/types\/page"}],"author":[{"embeddable":true,"href":"https:\/\/ianestesi.se\/index.php?rest_route=\/wp\/v2\/users\/1"}],"replies":[{"embeddable":true,"href":"https:\/\/ianestesi.se\/index.php?rest_route=%2Fwp%2Fv2%2Fcomments&post=1525"}],"version-history":[{"count":46,"href":"https:\/\/ianestesi.se\/index.php?rest_route=\/wp\/v2\/pages\/1525\/revisions"}],"predecessor-version":[{"id":1962,"href":"https:\/\/ianestesi.se\/index.php?rest_route=\/wp\/v2\/pages\/1525\/revisions\/1962"}],"wp:attachment":[{"href":"https:\/\/ianestesi.se\/index.php?rest_route=%2Fwp%2Fv2%2Fmedia&parent=1525"}],"curies":[{"name":"wp","href":"https:\/\/api.w.org\/{rel}","templated":true}]}}