{"id":1754,"date":"2021-02-28T20:52:54","date_gmt":"2021-02-28T19:52:54","guid":{"rendered":"https:\/\/modellflygklubbar.se\/ianestesi\/?page_id=1754"},"modified":"2021-02-28T21:19:34","modified_gmt":"2021-02-28T20:19:34","slug":"kontakta-oss","status":"publish","type":"page","link":"https:\/\/ianestesi.se\/?page_id=1754","title":{"rendered":"Kontakta oss"},"content":{"rendered":"<div class=\"wpforms-container wpforms-container-full\" id=\"wpforms-1759\"><form id=\"wpforms-form-1759\" class=\"wpforms-validate wpforms-form\" data-formid=\"1759\" method=\"post\" enctype=\"multipart\/form-data\" action=\"\/index.php?rest_route=%2Fwp%2Fv2%2Fpages%2F1754\" data-token=\"0415c9e7e2839356cc771b3c72f11844\" data-token-time=\"1775606844\"><noscript class=\"wpforms-error-noscript\">Aktivera JavaScript i din webbl\u00e4sare f\u00f6r att fylla i formul\u00e4ret.<\/noscript><div class=\"wpforms-field-container\"><div id=\"wpforms-1759-field_0-container\" class=\"wpforms-field wpforms-field-name\" data-field-id=\"0\"><label class=\"wpforms-field-label\" for=\"wpforms-1759-field_0\">Ditt namn <span class=\"wpforms-required-label\">*<\/span><\/label><div class=\"wpforms-field-row wpforms-field-medium\"><div class=\"wpforms-field-row-block wpforms-first wpforms-one-half\"><input type=\"text\" id=\"wpforms-1759-field_0\" class=\"wpforms-field-name-first wpforms-field-required\" name=\"wpforms[fields][0][first]\" placeholder=\"F\u00f6rnamn\" required><label for=\"wpforms-1759-field_0\" class=\"wpforms-field-sublabel after wpforms-sublabel-hide\">F\u00f6rst<\/label><\/div><div class=\"wpforms-field-row-block wpforms-one-half\"><input type=\"text\" id=\"wpforms-1759-field_0-last\" class=\"wpforms-field-name-last wpforms-field-required\" name=\"wpforms[fields][0][last]\" placeholder=\"Efternamn\" required><label for=\"wpforms-1759-field_0-last\" class=\"wpforms-field-sublabel after wpforms-sublabel-hide\">Sist<\/label><\/div><\/div><\/div><div id=\"wpforms-1759-field_1-container\" class=\"wpforms-field wpforms-field-email\" data-field-id=\"1\"><label class=\"wpforms-field-label\" for=\"wpforms-1759-field_1\">Din epostadress <span class=\"wpforms-required-label\">*<\/span><\/label><input type=\"email\" id=\"wpforms-1759-field_1\" class=\"wpforms-field-medium wpforms-field-required\" name=\"wpforms[fields][1]\" placeholder=\"E-post\" spellcheck=\"false\" required><\/div><div id=\"wpforms-1759-field_2-container\" class=\"wpforms-field wpforms-field-textarea\" data-field-id=\"2\"><label class=\"wpforms-field-label\" for=\"wpforms-1759-field_2\">Ditt meddelande <span class=\"wpforms-required-label\">*<\/span><\/label><textarea id=\"wpforms-1759-field_2\" class=\"wpforms-field-medium wpforms-field-required\" name=\"wpforms[fields][2]\" required><\/textarea><\/div><\/div><!-- .wpforms-field-container --><div class=\"wpforms-recaptcha-container wpforms-is-recaptcha wpforms-is-recaptcha-type-v2\" ><div class=\"g-recaptcha\" data-sitekey=\"6LehAIUqAAAAANHt1oNnaD7kYgdsfeU6QMyw1ynQ\"><\/div><input type=\"text\" name=\"g-recaptcha-hidden\" class=\"wpforms-recaptcha-hidden\" style=\"position:absolute!important;clip:rect(0,0,0,0)!important;height:1px!important;width:1px!important;border:0!important;overflow:hidden!important;padding:0!important;margin:0!important;\" data-rule-recaptcha=\"1\"><\/div><div class=\"wpforms-submit-container\" ><input type=\"hidden\" name=\"wpforms[id]\" value=\"1759\"><input type=\"hidden\" name=\"page_title\" value=\"\"><input type=\"hidden\" name=\"page_url\" value=\"https:\/\/ianestesi.se\/index.php?rest_route=\/wp\/v2\/pages\/1754\"><input type=\"hidden\" name=\"url_referer\" value=\"\"><button type=\"submit\" name=\"wpforms[submit]\" id=\"wpforms-submit-1759\" class=\"wpforms-submit\" data-alt-text=\"SKICKAR...\" data-submit-text=\"SKICKA\" aria-live=\"assertive\" value=\"wpforms-submit\">SKICKA<\/button><\/div><\/form><\/div>  <!-- .wpforms-container -->\n\n\n\n<p><\/p>\n","protected":false},"excerpt":{"rendered":"","protected":false},"author":1,"featured_media":0,"parent":0,"menu_order":0,"comment_status":"closed","ping_status":"closed","template":"template-fullwidth.php","meta":{"footnotes":""},"class_list":["post-1754","page","type-page","status-publish","hentry"],"acf":[],"_links":{"self":[{"href":"https:\/\/ianestesi.se\/index.php?rest_route=\/wp\/v2\/pages\/1754","targetHints":{"allow":["GET"]}}],"collection":[{"href":"https:\/\/ianestesi.se\/index.php?rest_route=\/wp\/v2\/pages"}],"about":[{"href":"https:\/\/ianestesi.se\/index.php?rest_route=\/wp\/v2\/types\/page"}],"author":[{"embeddable":true,"href":"https:\/\/ianestesi.se\/index.php?rest_route=\/wp\/v2\/users\/1"}],"replies":[{"embeddable":true,"href":"https:\/\/ianestesi.se\/index.php?rest_route=%2Fwp%2Fv2%2Fcomments&post=1754"}],"version-history":[{"count":2,"href":"https:\/\/ianestesi.se\/index.php?rest_route=\/wp\/v2\/pages\/1754\/revisions"}],"predecessor-version":[{"id":1760,"href":"https:\/\/ianestesi.se\/index.php?rest_route=\/wp\/v2\/pages\/1754\/revisions\/1760"}],"wp:attachment":[{"href":"https:\/\/ianestesi.se\/index.php?rest_route=%2Fwp%2Fv2%2Fmedia&parent=1754"}],"curies":[{"name":"wp","href":"https:\/\/api.w.org\/{rel}","templated":true}]}}